{"id":6,"date":"2020-08-01T14:52:28","date_gmt":"2020-08-01T14:52:28","guid":{"rendered":"https:\/\/sobe-zagreb.com\/home\/?page_id=6"},"modified":"2025-03-28T11:58:30","modified_gmt":"2025-03-28T11:58:30","slug":"home","status":"publish","type":"page","link":"https:\/\/sobe-zagreb.com\/home\/","title":{"rendered":"Home"},"content":{"rendered":"\n<div class=\"wp-block-getwid-images-slider has-arrows-inside has-dots-inside has-images-center has-cropped-images has-fixed-height\"><div class=\"wp-block-getwid-images-slider__wrapper\" data-effect=\"slide\" data-slides-show=\"1\" data-slides-show-laptop=\"1\" data-slides-show-tablet=\"1\" data-slides-show-mobile=\"1\" data-slides-scroll=\"1\" data-autoplay=\"false\" data-autoplay-speed=\"6000\" data-infinite=\"true\" data-animation-speed=\"800\" data-center-mode=\"false\" data-variable-width=\"false\" data-arrows=\"inside\" data-dots=\"inside\" data-spacing=\"none\"><div class=\"wp-block-getwid-images-slider__item\" style=\"height:500px\"><figure><img loading=\"lazy\" decoding=\"async\" width=\"1024\" height=\"576\" src=\"https:\/\/sobe-zagreb.com\/home\/wp-content\/uploads\/2020\/11\/24807353-1024x576.jpg\" data-id=\"147\" data-link=\"https:\/\/sobe-zagreb.com\/home\/galerija-slika\/attachment\/24807353\/#main\" data-original-link=\"https:\/\/sobe-zagreb.com\/home\/wp-content\/uploads\/2020\/11\/24807353.jpg\" class=\"wp-block-getwid-images-slider__image wp-image-147\" srcset=\"https:\/\/sobe-zagreb.com\/home\/wp-content\/uploads\/2020\/11\/24807353-1024x576.jpg 1024w, https:\/\/sobe-zagreb.com\/home\/wp-content\/uploads\/2020\/11\/24807353-300x169.jpg 300w, https:\/\/sobe-zagreb.com\/home\/wp-content\/uploads\/2020\/11\/24807353-768x432.jpg 768w, https:\/\/sobe-zagreb.com\/home\/wp-content\/uploads\/2020\/11\/24807353.jpg 1280w\" sizes=\"auto, (max-width: 1024px) 100vw, 1024px\" \/><\/figure><\/div><div class=\"wp-block-getwid-images-slider__item\" style=\"height:500px\"><figure><img loading=\"lazy\" decoding=\"async\" width=\"1024\" height=\"576\" src=\"https:\/\/sobe-zagreb.com\/home\/wp-content\/uploads\/2020\/11\/24807383-1024x576.jpg\" data-id=\"146\" data-link=\"https:\/\/sobe-zagreb.com\/home\/galerija-slika\/attachment\/24807383\/#main\" data-original-link=\"https:\/\/sobe-zagreb.com\/home\/wp-content\/uploads\/2020\/11\/24807383.jpg\" class=\"wp-block-getwid-images-slider__image wp-image-146\" srcset=\"https:\/\/sobe-zagreb.com\/home\/wp-content\/uploads\/2020\/11\/24807383-1024x576.jpg 1024w, https:\/\/sobe-zagreb.com\/home\/wp-content\/uploads\/2020\/11\/24807383-300x169.jpg 300w, https:\/\/sobe-zagreb.com\/home\/wp-content\/uploads\/2020\/11\/24807383-768x432.jpg 768w, https:\/\/sobe-zagreb.com\/home\/wp-content\/uploads\/2020\/11\/24807383.jpg 1280w\" sizes=\"auto, (max-width: 1024px) 100vw, 1024px\" \/><\/figure><\/div><div class=\"wp-block-getwid-images-slider__item\" style=\"height:500px\"><figure><img loading=\"lazy\" decoding=\"async\" width=\"768\" height=\"1024\" src=\"https:\/\/sobe-zagreb.com\/home\/wp-content\/uploads\/2020\/11\/IMG_20200127_141753-768x1024.jpg\" alt=\"Dnevni najam Zagreb\" data-id=\"11\" data-link=\"https:\/\/sobe-zagreb.com\/home\/home\/img_20200127_141753\/#main\" data-original-link=\"https:\/\/sobe-zagreb.com\/home\/wp-content\/uploads\/2020\/11\/IMG_20200127_141753-scaled.jpg\" class=\"wp-block-getwid-images-slider__image wp-image-11\" srcset=\"https:\/\/sobe-zagreb.com\/home\/wp-content\/uploads\/2020\/11\/IMG_20200127_141753-768x1024.jpg 768w, https:\/\/sobe-zagreb.com\/home\/wp-content\/uploads\/2020\/11\/IMG_20200127_141753-225x300.jpg 225w, https:\/\/sobe-zagreb.com\/home\/wp-content\/uploads\/2020\/11\/IMG_20200127_141753-1152x1536.jpg 1152w, https:\/\/sobe-zagreb.com\/home\/wp-content\/uploads\/2020\/11\/IMG_20200127_141753-1536x2048.jpg 1536w, https:\/\/sobe-zagreb.com\/home\/wp-content\/uploads\/2020\/11\/IMG_20200127_141753-scaled.jpg 1920w\" sizes=\"auto, (max-width: 768px) 100vw, 768px\" \/><\/figure><\/div><div class=\"wp-block-getwid-images-slider__item\" style=\"height:500px\"><figure><img loading=\"lazy\" decoding=\"async\" width=\"1024\" height=\"829\" src=\"https:\/\/sobe-zagreb.com\/home\/wp-content\/uploads\/2021\/01\/admin-ajax-2c13e8c4-6156-11eb-85aa-02a8dc75caa2-1024x829.jpg\" data-id=\"190\" data-link=\"https:\/\/sobe-zagreb.com\/home\/home\/admin-ajax-2c13e8c4-6156-11eb-85aa-02a8dc75caa2\/#main\" data-original-link=\"https:\/\/sobe-zagreb.com\/home\/wp-content\/uploads\/2021\/01\/admin-ajax-2c13e8c4-6156-11eb-85aa-02a8dc75caa2.jpg\" class=\"wp-block-getwid-images-slider__image wp-image-190\" srcset=\"https:\/\/sobe-zagreb.com\/home\/wp-content\/uploads\/2021\/01\/admin-ajax-2c13e8c4-6156-11eb-85aa-02a8dc75caa2-1024x829.jpg 1024w, https:\/\/sobe-zagreb.com\/home\/wp-content\/uploads\/2021\/01\/admin-ajax-2c13e8c4-6156-11eb-85aa-02a8dc75caa2-300x243.jpg 300w, https:\/\/sobe-zagreb.com\/home\/wp-content\/uploads\/2021\/01\/admin-ajax-2c13e8c4-6156-11eb-85aa-02a8dc75caa2-768x622.jpg 768w, https:\/\/sobe-zagreb.com\/home\/wp-content\/uploads\/2021\/01\/admin-ajax-2c13e8c4-6156-11eb-85aa-02a8dc75caa2-1536x1244.jpg 1536w, https:\/\/sobe-zagreb.com\/home\/wp-content\/uploads\/2021\/01\/admin-ajax-2c13e8c4-6156-11eb-85aa-02a8dc75caa2.jpg 1600w\" sizes=\"auto, (max-width: 1024px) 100vw, 1024px\" \/><\/figure><\/div><div class=\"wp-block-getwid-images-slider__item\" style=\"height:500px\"><figure><img loading=\"lazy\" decoding=\"async\" width=\"768\" height=\"1024\" src=\"https:\/\/sobe-zagreb.com\/home\/wp-content\/uploads\/2020\/11\/IMG_20200127_141953-768x1024.jpg\" alt=\"dnevni najam zagreb\" data-id=\"37\" data-link=\"https:\/\/sobe-zagreb.com\/home\/img_20200127_141953\/\" data-original-link=\"https:\/\/sobe-zagreb.com\/home\/wp-content\/uploads\/2020\/11\/IMG_20200127_141953-scaled.jpg\" class=\"wp-block-getwid-images-slider__image wp-image-37\" srcset=\"https:\/\/sobe-zagreb.com\/home\/wp-content\/uploads\/2020\/11\/IMG_20200127_141953-768x1024.jpg 768w, https:\/\/sobe-zagreb.com\/home\/wp-content\/uploads\/2020\/11\/IMG_20200127_141953-225x300.jpg 225w, https:\/\/sobe-zagreb.com\/home\/wp-content\/uploads\/2020\/11\/IMG_20200127_141953-1152x1536.jpg 1152w, https:\/\/sobe-zagreb.com\/home\/wp-content\/uploads\/2020\/11\/IMG_20200127_141953-1536x2048.jpg 1536w, https:\/\/sobe-zagreb.com\/home\/wp-content\/uploads\/2020\/11\/IMG_20200127_141953-scaled.jpg 1920w\" sizes=\"auto, (max-width: 768px) 100vw, 768px\" \/><\/figure><\/div><\/div><\/div>\n\n\n\n<div class=\"wp-block-themeisle-blocks-pricing\">\n<h2 class=\"wp-block-heading\"><br><strong><span class=\"highlight\">Smje\u0161taj u Zagrebu po povoljnim cijenama<\/span><\/strong>.<\/h2>\n\n\n\n<p><br>Tra\u017eite \u010distu, udobnu i povoljnu sobu u Zagrebu? Na pravom ste mjestu!<br>Na\u0161a ponuda uklju\u010duje moderno ure\u0111ene sobe na atraktivnoj lokaciji u gradu \u2013 idealne za turiste, studente, poslovne putnike i sve koji tra\u017ee privatan smje\u0161taj bez stresa.<\/p>\n\n\n\n<h2 class=\"wp-block-heading\"><strong>\u0160to nudimo?<\/strong><\/h2>\n\n\n\n<p><br>\u2705 Moderno ure\u0111ene i \u010diste <strong>privatne sobe<\/strong><br>\ud83d\udcb0 <strong>Povoljne cijene<\/strong> \u2013 ve\u0107 od 50\u20ac po no\u0107enju<br>\ud83d\udccd <strong>Odli\u010dnu lokaciju<\/strong> \u2013 blizina centra, tramvaja i svih sadr\u017eaja<br>\ud83d\udecf\ufe0f <strong>Kratkoro\u010dni i dugoro\u010dni najam<\/strong> \u2013 od jedne no\u0107i do nekoliko mjeseci<br>\ud83d\udcf6 <strong>Besplatan Wi-Fi i TV<\/strong> \u2013 sve \u0161to vam treba za udoban boravak<br>\ud83e\uddfc <strong>Visoki higijenski standardi<\/strong> e<br>\u2705 <strong>Klima i grijanje<\/strong><br>\ud83d\udd10 <strong>Samostalni ulaz i fleksibilan dolazak<\/strong><\/p>\n\n\n\n<h2 class=\"wp-block-heading\">\ud83c\udfaf Idealno za&#8230;<\/h2>\n\n\n\n<p><br><strong>Turiste<\/strong> koji \u017eele istra\u017eiti Zagreb<br><strong>Poslovne putnike<\/strong> koji tra\u017ee mir i udobnost<br><strong>Studente<\/strong> u potrazi za kratkoro\u010dnim ili sezonskim smje\u0161tajem<br><strong>Parove ili solo putnike<\/strong> koji cijene privatnost<br><strong>Obitelji<\/strong> koje trebaju privremeni smje\u0161taj tijekom preseljenja ili renovacija<\/p>\n\n\n\n<p class=\"hide-on-mobile hide-on-desktop\"><br><br><a href=\"https:\/\/sobe-zagreb.com\/home\/kontakt\/\">Kontaktirajte nas<\/a><\/p>\n<\/div>\n\n\n\n<p class=\"hide-on-mobile hide-on-desktop\"><\/p>\n","protected":false},"excerpt":{"rendered":"","protected":false},"author":1,"featured_media":0,"parent":0,"menu_order":0,"comment_status":"closed","ping_status":"closed","template":"","meta":{"_themeisle_gutenberg_block_has_review":false,"footnotes":""},"class_list":["post-6","page","type-page","status-publish"],"uagb_featured_image_src":{"full":false,"thumbnail":false,"medium":false,"medium_large":false,"large":false,"1536x1536":false,"2048x2048":false},"uagb_author_info":{"display_name":"admin","author_link":"https:\/\/sobe-zagreb.com\/home\/author\/admin\/"},"uagb_comment_info":0,"uagb_excerpt":null,"_links":{"self":[{"href":"https:\/\/sobe-zagreb.com\/home\/wp-json\/wp\/v2\/pages\/6","targetHints":{"allow":["GET"]}}],"collection":[{"href":"https:\/\/sobe-zagreb.com\/home\/wp-json\/wp\/v2\/pages"}],"about":[{"href":"https:\/\/sobe-zagreb.com\/home\/wp-json\/wp\/v2\/types\/page"}],"author":[{"embeddable":true,"href":"https:\/\/sobe-zagreb.com\/home\/wp-json\/wp\/v2\/users\/1"}],"replies":[{"embeddable":true,"href":"https:\/\/sobe-zagreb.com\/home\/wp-json\/wp\/v2\/comments?post=6"}],"version-history":[{"count":19,"href":"https:\/\/sobe-zagreb.com\/home\/wp-json\/wp\/v2\/pages\/6\/revisions"}],"predecessor-version":[{"id":276,"href":"https:\/\/sobe-zagreb.com\/home\/wp-json\/wp\/v2\/pages\/6\/revisions\/276"}],"wp:attachment":[{"href":"https:\/\/sobe-zagreb.com\/home\/wp-json\/wp\/v2\/media?parent=6"}],"curies":[{"name":"wp","href":"https:\/\/api.w.org\/{rel}","templated":true}]}}